{"id":7,"date":"2018-04-25T14:48:54","date_gmt":"2018-04-25T14:48:54","guid":{"rendered":"https:\/\/clubleones4dejulio.org\/?page_id=7"},"modified":"2022-04-09T11:42:30","modified_gmt":"2022-04-09T16:42:30","slug":"legal","status":"publish","type":"page","link":"https:\/\/clubleones4dejulio.org\/?page_id=7","title":{"rendered":"Documentos Normativos"},"content":{"rendered":"<p style=\"text-align: justify;\">El <strong>CLUB DE LEONES 4 DE JULIO Entidad sin Animo de Lucro<\/strong> de Dosquebradas (Risaralda); ha tramitado ante la DIAN su permanec\u00eda en el R\u00e9gimen especial; por tal motivo ponemos a disposici\u00f3n p\u00fablica los siguientes documentos para que sean visualizados y descargados. En caso de cualquier inquietud puede escribirnos utilizando el formulario de contacto disponible en la pesta\u00f1a CONTACTO de este sitio web o a la direcci\u00f3n de correo electr\u00f3nico: clubdeleones4dejulio@hotmail.com<\/p>\n<table style=\"width: 100%;\">\n<tbody>\n<tr>\n<th>\n<p><figure id=\"attachment_50\" aria-describedby=\"caption-attachment-50\" style=\"width: 116px\" class=\"wp-caption aligncenter\"><a title=\"ESTATUTOS\" href=\"https:\/\/clubleones4dejulio.org\/wp-content\/uploads\/2018\/04\/ESTATUTOS.pdf\" target=\"_blank\" rel=\"noopener noreferrer\"><img loading=\"lazy\" decoding=\"async\" class=\"wp-image-50\" src=\"https:\/\/clubleones4dejulio.org\/wp-content\/uploads\/2018\/04\/imagen.png\" alt=\"\" width=\"116\" height=\"127\"><\/a><figcaption id=\"caption-attachment-50\" class=\"wp-caption-text\"><strong>ESTATUTOS&nbsp;<\/strong><\/figcaption><\/figure><\/th>\n<th>\n<p><figure id=\"attachment_50\" aria-describedby=\"caption-attachment-50\" style=\"width: 116px\" class=\"wp-caption aligncenter\"><a title=\"INFORME REPRESENTANTE LEGAL 2020\" href=\"https:\/\/clubleones4dejulio.org\/wp-content\/uploads\/2022\/04\/INFORME-REPRESENTANTE-LEGAL-ANO-GRAVABLE-2021.docx.pdf\" target=\"_blank\" rel=\"noopener noreferrer\"><img loading=\"lazy\" decoding=\"async\" class=\"wp-image-50\" src=\"https:\/\/clubleones4dejulio.org\/wp-content\/uploads\/2018\/04\/imagen.png\" alt=\"\" width=\"116\" height=\"127\"><\/a><figcaption id=\"caption-attachment-50\" class=\"wp-caption-text\"><strong>INFORME REPRESENTANTE LEGAL 2021<\/strong><\/figcaption><\/figure><\/th>\n<th>\n<p><figure id=\"attachment_50\" aria-describedby=\"caption-attachment-50\" style=\"width: 116px\" class=\"wp-caption aligncenter\"><a title=\"ESTADOS FINANCIEROS 2020\" href=\"https:\/\/clubleones4dejulio.org\/wp-content\/uploads\/2022\/04\/ESTADOS-FINANCIEROS-2021.pdf\" target=\"_blank\" rel=\"noopener noreferrer\"><img loading=\"lazy\" decoding=\"async\" class=\"wp-image-50\" src=\"https:\/\/clubleones4dejulio.org\/wp-content\/uploads\/2018\/04\/imagen.png\" alt=\"\" width=\"116\" height=\"127\"><\/a><figcaption id=\"caption-attachment-50\" class=\"wp-caption-text\"><strong>ESTADOS FINANCIEROS 2021<\/strong><\/figcaption><\/figure><\/th>\n<\/tr>\n<tr>\n<td>\n<p><figure id=\"attachment_50\" aria-describedby=\"caption-attachment-50\" style=\"width: 116px\" class=\"wp-caption aligncenter\"><a title=\"DECLARACI\u00d3N DE RENTA\" href=\"https:\/\/clubleones4dejulio.org\/wp-content\/uploads\/2019\/08\/RENTA-2018.pdf\" target=\"_blank\" rel=\"noopener noreferrer\"><img loading=\"lazy\" decoding=\"async\" class=\"wp-image-50\" src=\"https:\/\/clubleones4dejulio.org\/wp-content\/uploads\/2018\/04\/imagen.png\" alt=\"\" width=\"116\" height=\"127\"><\/a><figcaption id=\"caption-attachment-50\" class=\"wp-caption-text\"><strong>DECLARACI\u00d3N DE RENTA<\/strong><\/figcaption><\/figure><\/td>\n<td>\n<p><figure id=\"attachment_50\" aria-describedby=\"caption-attachment-50\" style=\"width: 116px\" class=\"wp-caption aligncenter\"><a title=\"CERTIFICADO DE CUMPLIMIENTO\" href=\"https:\/\/clubleones4dejulio.org\/wp-content\/uploads\/2022\/04\/CERTIFICADO-DE-CUMPLIMIENTO-ESAL-2021.docx.pdf\" target=\"_blank\" rel=\"noopener noreferrer\"><img loading=\"lazy\" decoding=\"async\" class=\"wp-image-50\" src=\"https:\/\/clubleones4dejulio.org\/wp-content\/uploads\/2018\/04\/imagen.png\" alt=\"\" width=\"116\" height=\"127\"><\/a><figcaption id=\"caption-attachment-50\" class=\"wp-caption-text\"><strong>CERTIFICADO DE CUMPLIMIENTO<\/strong><\/figcaption><\/figure><\/td>\n<td>\n<p><figure id=\"attachment_50\" aria-describedby=\"caption-attachment-50\" style=\"width: 116px\" class=\"wp-caption aligncenter\"><a title=\"CERTIFICADO C\u00c1MARA DE COMERCIO\" href=\"https:\/\/clubleones4dejulio.org\/wp-content\/uploads\/2019\/08\/Camara-de-comercio.pdf\" target=\"_blank\" rel=\"noopener noreferrer\"><img loading=\"lazy\" decoding=\"async\" class=\"wp-image-50\" src=\"https:\/\/clubleones4dejulio.org\/wp-content\/uploads\/2018\/04\/imagen.png\" alt=\"\" width=\"116\" height=\"127\"><\/a><figcaption id=\"caption-attachment-50\" class=\"wp-caption-text\"><strong>CERTIFICADO C\u00c1MARA DE COMERCIO REPRESENTACI\u00d3N LEGAL<\/strong><\/figcaption><\/figure><\/td>\n<\/tr>\n<tr>\n<td>\n<p><figure id=\"attachment_50\" aria-describedby=\"caption-attachment-50\" style=\"width: 116px\" class=\"wp-caption aligncenter\"><a title=\"ANTECEDENTES JUDICIALES\" href=\"https:\/\/clubleones4dejulio.org\/wp-content\/uploads\/2022\/04\/CERTIFICADO-ANTECEDES-DIRECTIVOS.pdf\" target=\"_blank\" rel=\"noopener noreferrer\"><img loading=\"lazy\" decoding=\"async\" class=\"wp-image-50\" src=\"https:\/\/clubleones4dejulio.org\/wp-content\/uploads\/2018\/04\/imagen.png\" alt=\"\" width=\"116\" height=\"127\"><\/a><figcaption id=\"caption-attachment-50\" class=\"wp-caption-text\"><strong>ANTECEDENTES JUDICIALES<\/strong><\/figcaption><\/figure><\/td>\n<td>\n<p><figure id=\"attachment_50\" aria-describedby=\"caption-attachment-50\" style=\"width: 116px\" class=\"wp-caption aligncenter\"><a title=\"ACTA DE CONSTITUCI\u00d3N\" href=\"https:\/\/clubleones4dejulio.org\/wp-content\/uploads\/2018\/04\/PERSONERIA-JURIDICA.pdf\" target=\"_blank\" rel=\"noopener noreferrer\"><img loading=\"lazy\" decoding=\"async\" class=\"wp-image-50\" src=\"https:\/\/clubleones4dejulio.org\/wp-content\/uploads\/2018\/04\/imagen.png\" alt=\"\" width=\"116\" height=\"127\"><\/a><figcaption id=\"caption-attachment-50\" class=\"wp-caption-text\"><strong>ACTA DE CONSTITUCI\u00d3N<\/strong><\/figcaption><\/figure><\/td>\n<td>\n<p><figure id=\"attachment_50\" aria-describedby=\"caption-attachment-50\" style=\"width: 116px\" class=\"wp-caption aligncenter\"><a title=\"ACTA ASAMBLEA\" href=\"https:\/\/clubleones4dejulio.org\/wp-content\/uploads\/2018\/04\/ACTA-ASAMBLEA.pdf\" target=\"_blank\" rel=\"noopener noreferrer\"><img loading=\"lazy\" decoding=\"async\" class=\"wp-image-50\" src=\"https:\/\/clubleones4dejulio.org\/wp-content\/uploads\/2018\/04\/imagen.png\" alt=\"\" width=\"116\" height=\"127\"><\/a><figcaption id=\"caption-attachment-50\" class=\"wp-caption-text\"><strong>ACTA ASAMBLEA<\/strong><\/figcaption><\/figure><\/td>\n<\/tr>\n<\/tbody>\n<\/table>\n","protected":false},"excerpt":{"rendered":"<p>El CLUB DE LEONES 4 DE JULIO Entidad sin Animo de Lucro de Dosquebradas (Risaralda); ha tramitado ante la DIAN su permanec\u00eda en el R\u00e9gimen especial; por tal motivo ponemos a disposici\u00f3n p\u00fablica los siguientes documentos para que sean visualizados y descargados. En caso de cualquier inquietud puede escribirnos utilizando el formulario de contacto disponible [&hellip;]<\/p>\n","protected":false},"author":1,"featured_media":0,"parent":0,"menu_order":0,"comment_status":"closed","ping_status":"closed","template":"template-fullwidth.php","meta":{"footnotes":""},"class_list":["post-7","page","type-page","status-publish","hentry"],"_links":{"self":[{"href":"https:\/\/clubleones4dejulio.org\/index.php?rest_route=\/wp\/v2\/pages\/7","targetHints":{"allow":["GET"]}}],"collection":[{"href":"https:\/\/clubleones4dejulio.org\/index.php?rest_route=\/wp\/v2\/pages"}],"about":[{"href":"https:\/\/clubleones4dejulio.org\/index.php?rest_route=\/wp\/v2\/types\/page"}],"author":[{"embeddable":true,"href":"https:\/\/clubleones4dejulio.org\/index.php?rest_route=\/wp\/v2\/users\/1"}],"replies":[{"embeddable":true,"href":"https:\/\/clubleones4dejulio.org\/index.php?rest_route=%2Fwp%2Fv2%2Fcomments&post=7"}],"version-history":[{"count":26,"href":"https:\/\/clubleones4dejulio.org\/index.php?rest_route=\/wp\/v2\/pages\/7\/revisions"}],"predecessor-version":[{"id":2167,"href":"https:\/\/clubleones4dejulio.org\/index.php?rest_route=\/wp\/v2\/pages\/7\/revisions\/2167"}],"wp:attachment":[{"href":"https:\/\/clubleones4dejulio.org\/index.php?rest_route=%2Fwp%2Fv2%2Fmedia&parent=7"}],"curies":[{"name":"wp","href":"https:\/\/api.w.org\/{rel}","templated":true}]}}